{"id":8,"date":"2015-08-21T10:23:59","date_gmt":"2015-08-21T11:23:59","guid":{"rendered":"http:\/\/defatch-demo.com\/themes\/juster\/vintage\/?page_id=8"},"modified":"2020-09-09T16:53:58","modified_gmt":"2020-09-09T17:53:58","slug":"our-team-mgm-consulting-tenerife-sl","status":"publish","type":"page","link":"https:\/\/mgmconsultingtenerife.com\/de\/home-2\/contact-us\/tax-advisors-in-tenerife\/our-team-mgm-consulting-tenerife-sl\/","title":{"rendered":"UNSER TEAM"},"content":{"rendered":"<div class=\"wpb-content-wrapper\"><div class=\"vc_row wpb_row vc_row-fluid column-have-space\">\n\t<div class=\"vc_col-sm-12 wpb_column vc_column_container  has_animation\" >\n\t<div><div class=\"space-fix\" style=\"\">\n\t\t<div class=\"wpb_wrapper\">\n\t\t\t<div class=\"jt-heading\" style=\"text-align:center;\"><h1 class=\"jt-main-head\" style=\"\">UNSER TEAM<\/h1><div class=\"jt-leaf-center jt-leaf\"><\/div><\/div><div class=\"vc_empty_space\"   style=\"height: 15px\"><span class=\"vc_empty_space_inner\"><\/span><\/div>\n\t<div class=\"wpb_text_column wpb_content_element vc_custom_1598031913735\" >\n\t\t<div class=\"wpb_wrapper\">\n\t\t\t<p style=\"text-align: center; color: #777; font-size: 18px;\"><em>Unser Team ist das Geheimnis unseres Erfolgs. <\/em><\/p>\n<p style=\"text-align: center; color: #777; font-size: 18px;\"><em>Jeder unserer Mitarbeiter ist f\u00fcr sich genommen schon erstaunlich, aber zusammen sind sie es, die dieses B\u00fcro zum Funktionieren bringen. <\/em><\/p>\n<p style=\"text-align: center; color: #777; font-size: 18px;\"><em> this office work.<\/em><\/p>\n\n\t\t<\/div>\n\t<\/div>\n\n\t\t<\/div> <\/div><\/div>\n\t<\/div> \n\n\t<div class=\"vc_col-sm-12 wpb_column vc_column_container  has_animation\" >\n\t<div><div class=\"space-fix\" style=\"\">\n\t\t<div class=\"wpb_wrapper\">\n\t\t\t\n\t\t<\/div> <\/div><\/div>\n\t<\/div> \n<\/div><div class=\"vc_row wpb_row vc_row-fluid vc_custom_1440163064459 column-have-space\"><div class=\"container\">\n\t<div class=\"vc_col-sm-4 wpb_column vc_column_container  has_animation\" >\n\t<div><div class=\"space-fix\" style=\"\">\n\t\t<div class=\"wpb_wrapper\">\n\t\t\t<div class=\"jt-vint-team-wrap jt-vint-service jt-vint-service-extrawidth\">\n                    <div class=\"jt-vint-service-img\"><img decoding=\"async\" src=\"https:\/\/mgmconsultingtenerife.com\/wp-content\/uploads\/2020\/08\/IMG-20200105-WA0008-01.jpeg\" alt=\"\"><\/div>\n                    <div class=\"jt-vint-team-detail\">\n                        <h3 style=\"font-size:25px;\">MARIA GONZALEZ<\/h3>\n                        <span class=\"jt-vint-sep\"><\/span>\n                        <p><span style=\"font-family: georgia, palatino; font-size: 18px;\">Sie ist Steuerberaterin und spricht Deutsch, Englisch und ein wenig Italienisch.<\/span><\/p>\n\n                    <\/div>\n                <\/div>\n\t\t<\/div> <\/div><\/div>\n\t<\/div> \n\n\t<div class=\"vc_col-sm-4 wpb_column vc_column_container  has_animation\" >\n\t<div><div class=\"space-fix\" style=\"\">\n\t\t<div class=\"wpb_wrapper\">\n\t\t\t<div class=\"jt-vint-team-wrap jt-vint-service jt-vint-service-extrawidth\">\n                    <div class=\"jt-vint-service-img\"><img decoding=\"async\" src=\"https:\/\/mgmconsultingtenerife.com\/wp-content\/uploads\/2020\/08\/IMG-20190813-WA0017-01.jpeg\" alt=\"\"><\/div>\n                    <div class=\"jt-vint-team-detail\">\n                        <h3 style=\"font-size:25px;\">LILLIAM MENENDEZ<\/h3>\n                        <span class=\"jt-vint-sep\"><\/span>\n                        <p><span style=\"font-size: 18px;\">She is the Office Manager,\u00a0 the one responsible for the smooth functioning of the Office.<\/span> <span style=\"font-size: 18px;\">She speaks good English.<\/span><\/p>\n\n                    <\/div>\n                <\/div>\n\t\t<\/div> <\/div><\/div>\n\t<\/div> \n\n\t<div class=\"vc_col-sm-4 wpb_column vc_column_container  has_animation\" >\n\t<div><div class=\"space-fix\" style=\"\">\n\t\t<div class=\"wpb_wrapper\">\n\t\t\t<div class=\"jt-vint-team-wrap jt-vint-service jt-vint-service-extrawidth\">\n                    <div class=\"jt-vint-service-img\"><img decoding=\"async\" src=\"https:\/\/mgmconsultingtenerife.com\/wp-content\/uploads\/2020\/08\/IMG-1838.jpg\" alt=\"\"><\/div>\n                    <div class=\"jt-vint-team-detail\">\n                        <h3 style=\"\">JENNIFER MAXWELL<\/h3>\n                        <span class=\"jt-vint-sep\"><\/span>\n                        <p><span style=\"font-size: 18px;\">She is the Commercial Officer, also in charge of Liberty Insurances.<\/span><\/p>\n<p><span style=\"font-size: 18px;\">She speaks perfect English.<\/span><\/p>\n\n                    <\/div>\n                <\/div>\n\t\t<\/div> <\/div><\/div>\n\t<\/div> \n<\/div><\/div><div class=\"vc_row wpb_row vc_row-fluid vc_custom_1598034653437 vc_row-has-fill column-have-space\"><div class=\"container\">\n\t<div class=\"vc_col-sm-12 jt-italic-heading wpb_column vc_column_container  has_animation\" >\n\t<div><div class=\"space-fix\" style=\"\">\n\t\t<div class=\"wpb_wrapper\">\n\t\t\t<div class=\"jt-heading\" style=\"text-align:left;\"><h3 class=\"jt-main-head\" style=\"color:#000000;\">Unsere Art, Dinge zu tun<\/h3><div class=\"jt-leaf-left jt-leaf\"><\/div><\/div><div class=\"vc_row wpb_row vc_inner vc_row-fluid\"><div class=\"wpb_column vc_column_container vc_col-sm-6\"><div class=\"vc_column-inner vc_custom_1441884612296\"><div class=\"wpb_wrapper\"><div class=\"services-style-five sep-hover-control services-style-five-extrawidth sep-hover-control text-left\">\n                    <div class=\"services-icon\"><i class=\"pe-7s-notebook\" style=\"font-size:45px;\"><\/i><\/div>\n                    <div class=\"services-content\">\n                        <h3 style=\"color:#000000;\">Steuerliche Beratung<\/h3>\n                        <div class=\"jt-sep-two\"><\/div><p><span style=\"font-family: georgia, palatino; font-size: 18px;\">Der erste Schritt unserer Steuerbuchhaltungsdienste besteht darin, Ihre pers\u00f6nliche Situation zu verstehen und Ihnen zu helfen, Ihre steuerlichen Verpflichtungen zu erkennen.<\/span><\/p>\n\n                    <\/div>\n                <\/div><\/div><\/div><\/div><div class=\"wpb_column vc_column_container vc_col-sm-6\"><div class=\"vc_column-inner\"><div class=\"wpb_wrapper\"><div class=\"services-style-five sep-hover-control services-style-five-extrawidth sep-hover-control text-left\">\n                    <div class=\"services-icon\"><i class=\"pe-7s-note2\" style=\"font-size:45px;\"><\/i><\/div>\n                    <div class=\"services-content\">\n                        <h3 style=\"color:#000000;\">Steuer-Dienstleistungen<\/h3>\n                        <div class=\"jt-sep-two\"><\/div><p><span style=\"font-family: georgia, palatino; font-size: 18px;\">Wir werden j\u00e4hrlich f\u00fcr Ihre pers\u00f6nlichen Steuern zust\u00e4ndig sein.<\/span><\/p>\n<ul>\n<li><span style=\"font-family: georgia, palatino; font-size: 18px;\">Wir bereiten alle erforderlichen Unterlagen sorgf\u00e4ltig vor und reichen sie beim Finanzamt f\u00fcr Sie ein, so dass Sie sich um nichts k\u00fcmmern m\u00fcssen.<\/span><\/li>\n<\/ul>\n\n                    <\/div>\n                <\/div><\/div><\/div><\/div><\/div><div class=\"vc_row wpb_row vc_inner vc_row-fluid vc_custom_1441885922344\"><div class=\"wpb_column vc_column_container vc_col-sm-6\"><div class=\"vc_column-inner vc_custom_1441884623616\"><div class=\"wpb_wrapper\"><div class=\"services-style-five sep-hover-control services-style-five-extrawidth sep-hover-control text-left\">\n                    <div class=\"services-icon\"><i class=\"pe-7s-notebook\" style=\"color:#000000;font-size:45px;\"><\/i><\/div>\n                    <div class=\"services-content\">\n                        <h3 style=\"color:#000000;\">Pers\u00f6nliche Beratung in verschiedenen Angelegenheiten<\/h3>\n                        <div class=\"jt-sep-two\"><\/div><div class=\"et_pb_text et_pb_module et_pb_bg_layout_light et_pb_text_align_left et_pb_text_1\">\n<div class=\"et_pb_text_inner\"><span style=\"font-family: georgia, palatino; font-size: 18px;\">Through our consultations (online or at our office), we will analyze your situation in order to define the best way to proceed with your matter. We will provide written estimates of all costs, fees and taxes to be paid related to your matter.<\/span><\/div>\n<\/div>\n\n                    <\/div>\n                <\/div><\/div><\/div><\/div><div class=\"wpb_column vc_column_container vc_col-sm-6\"><div class=\"vc_column-inner\"><div class=\"wpb_wrapper\"><div class=\"services-style-five sep-hover-control services-style-five-extrawidth sep-hover-control text-left\">\n                    <div class=\"services-icon\"><i class=\"pe-7s-notebook\" style=\"font-size:45px;\"><\/i><\/div>\n                    <div class=\"services-content\">\n                        <h3 style=\"color:#000000;\">Hilfe<\/h3>\n                        <div class=\"jt-sep-two\"><\/div><p><span style=\"font-family: georgia, palatino; font-size: 18px;\">Durch unser jahrelanges Engagement f\u00fcr unsere Kunden haben wir eine breite Palette von Dienstleistungen entwickelt, die darauf ausgerichtet sind:<\/span><\/p>\n<ul>\n<li><span style=\"font-family: georgia, palatino; font-size: 18px;\">Sparen Sie Ihre Zeit.<\/span><\/li>\n<li><span style=\"font-family: georgia, palatino; font-size: 18px;\">Ihnen helfen und Ihnen die Gewissheit geben, dass jemand ein Auge auf Ihre Angelegenheiten hat.<\/span><\/li>\n<\/ul>\n\n                    <\/div>\n                <\/div><\/div><\/div><\/div><\/div>\n\t\t<\/div> <\/div><\/div>\n\t<\/div> \n<\/div><\/div>\n\t<div class=\"vc_col-sm-12 wpb_column vc_column_container  has_animation\" >\n\t<div><div class=\"space-fix\" style=\"\">\n\t\t<div class=\"wpb_wrapper\">\n\t\t\t\n\t\t<\/div> <\/div><\/div>\n\t<\/div> \n<div class=\"jt-heading\" style=\"text-align:center;\"><h3 class=\"jt-main-head\" style=\"\">Unsere Expertise<\/h3><div class=\"jt-leaf-center jt-leaf\"><\/div><\/div><div class=\"vc_empty_space\"   style=\"height: 15px\"><span class=\"vc_empty_space_inner\"><\/span><\/div>\n\t<div class=\"wpb_text_column wpb_content_element\" >\n\t\t<div class=\"wpb_wrapper\">\n\t\t\t<p style=\"text-align: center; color: #777; font-size: 18px;\"><em>Langj\u00e4hrige Erfahrung &amp; immer bem\u00fcht, das Beste f\u00fcr unsere Kunden zu tun <\/em><\/p>\n\n\t\t<\/div>\n\t<\/div>\n<div class=\"vc_empty_space\"   style=\"height: 40px\"><span class=\"vc_empty_space_inner\"><\/span><\/div><div class=\"vc_row wpb_row vc_row-fluid column-have-space\">\n\t<div class=\"vc_col-sm-12 wpb_column vc_column_container  has_animation\" >\n\t<div><div class=\"space-fix\" style=\"\">\n\t\t<div class=\"wpb_wrapper\">\n\t\t\t\n\t<div class=\"wpb_text_column wpb_content_element\" >\n\t\t<div class=\"wpb_wrapper\">\n\t\t\t<p style=\"text-align: center;\"><span style=\"font-size: 18px;\">Wir sorgen daf\u00fcr, dass unsere Kunden mit unserer Arbeit zufrieden sind.<\/span><\/p>\n<p style=\"text-align: center;\"><span style=\"font-size: 18px;\">Wir sind ihr Steuervertreter auf Teneriffa geworden und haben ihnen unsere kontinuierliche Unterst\u00fctzung angeboten, damit sie ihren steuerlichen Verpflichtungen als Eigent\u00fcmer einer Immobilie auf Teneriffa nachkommen k\u00f6nnen.<\/span><\/p>\n<p style=\"text-align: center;\"><span style=\"font-size: 18px;\">Wir sorgen daf\u00fcr, dass unsere Kunden mit unserer Arbeit zufrieden sind.<\/span><\/p>\n\n\t\t<\/div>\n\t<\/div>\n\n\t\t<\/div> <\/div><\/div>\n\t<\/div> \n<\/div>\n<\/div>","protected":false},"excerpt":{"rendered":"Our Team Our team is the secret to our success. Each of our employees is amazing in their own right, but together they are what makes this office work. MARIA.","protected":false},"author":1,"featured_media":0,"parent":1433,"menu_order":0,"comment_status":"open","ping_status":"closed","template":"","meta":{"_monsterinsights_skip_tracking":false,"_monsterinsights_sitenote_active":false,"_monsterinsights_sitenote_note":"","_monsterinsights_sitenote_category":0,"footnotes":""},"class_list":["post-8","page","type-page","status-publish","hentry"],"yoast_head":"<!-- This site is optimized with the Yoast SEO plugin v22.7 - https:\/\/yoast.com\/wordpress\/plugins\/seo\/ -->\n<title>OUR TEAM - MGM CONSULTING TENERIFE SL<\/title>\n<meta name=\"description\" content=\"Teams are important! Our team is the secret of our success, providing assistance and personalized advice to our clients.\" \/>\n<meta name=\"robots\" content=\"index, follow, max-snippet:-1, max-image-preview:large, max-video-preview:-1\" \/>\n<link rel=\"canonical\" href=\"https:\/\/mgmconsultingtenerife.com\/de\/home-2\/contact-us\/tax-advisors-in-tenerife\/our-team-mgm-consulting-tenerife-sl\/\" \/>\n<meta name=\"twitter:card\" content=\"summary_large_image\" \/>\n<meta name=\"twitter:title\" content=\"OUR TEAM - MGM CONSULTING TENERIFE SL\" \/>\n<meta name=\"twitter:description\" content=\"Teams are important! Our team is the secret of our success, providing assistance and personalized advice to our clients.\" \/>\n<meta name=\"twitter:site\" content=\"@lilliammdez\" \/>\n<meta name=\"twitter:label1\" content=\"Gesch\u00e4tzte Lesezeit\" \/>\n\t<meta name=\"twitter:data1\" content=\"4\u00a0Minuten\" \/>\n<script type=\"application\/ld+json\" class=\"yoast-schema-graph\">{\"@context\":\"https:\/\/schema.org\",\"@graph\":[{\"@type\":\"WebPage\",\"@id\":\"https:\/\/mgmconsultingtenerife.com\/home-2\/contact-us\/tax-advisors-in-tenerife\/our-team-mgm-consulting-tenerife-sl\/\",\"url\":\"https:\/\/mgmconsultingtenerife.com\/home-2\/contact-us\/tax-advisors-in-tenerife\/our-team-mgm-consulting-tenerife-sl\/\",\"name\":\"OUR TEAM - MGM CONSULTING TENERIFE SL\",\"isPartOf\":{\"@id\":\"https:\/\/mgmconsultingtenerife.com\/#website\"},\"datePublished\":\"2015-08-21T11:23:59+00:00\",\"dateModified\":\"2020-09-09T17:53:58+00:00\",\"description\":\"Teams are important! Our team is the secret of our success, providing assistance and personalized advice to our clients.\",\"breadcrumb\":{\"@id\":\"https:\/\/mgmconsultingtenerife.com\/home-2\/contact-us\/tax-advisors-in-tenerife\/our-team-mgm-consulting-tenerife-sl\/#breadcrumb\"},\"inLanguage\":\"de\",\"potentialAction\":[{\"@type\":\"ReadAction\",\"target\":[\"https:\/\/mgmconsultingtenerife.com\/home-2\/contact-us\/tax-advisors-in-tenerife\/our-team-mgm-consulting-tenerife-sl\/\"]}]},{\"@type\":\"BreadcrumbList\",\"@id\":\"https:\/\/mgmconsultingtenerife.com\/home-2\/contact-us\/tax-advisors-in-tenerife\/our-team-mgm-consulting-tenerife-sl\/#breadcrumb\",\"itemListElement\":[{\"@type\":\"ListItem\",\"position\":1,\"name\":\"Home\",\"item\":\"https:\/\/mgmconsultingtenerife.com\/\"},{\"@type\":\"ListItem\",\"position\":2,\"name\":\"Home\",\"item\":\"https:\/\/mgmconsultingtenerife.com\/home-2\/\"},{\"@type\":\"ListItem\",\"position\":3,\"name\":\"CONTACT US\",\"item\":\"https:\/\/mgmconsultingtenerife.com\/home-2\/contact-us\/\"},{\"@type\":\"ListItem\",\"position\":4,\"name\":\"MGM Consulting Tenerife SL &#8211; Tax advisors\",\"item\":\"https:\/\/mgmconsultingtenerife.com\/\"},{\"@type\":\"ListItem\",\"position\":5,\"name\":\"OUR TEAM\"}]},{\"@type\":\"WebSite\",\"@id\":\"https:\/\/mgmconsultingtenerife.com\/#website\",\"url\":\"https:\/\/mgmconsultingtenerife.com\/\",\"name\":\"MGM CONSULTING TENERIFE SL\",\"description\":\"TAX ADVISORS | ASESORIA FISCAL\",\"publisher\":{\"@id\":\"https:\/\/mgmconsultingtenerife.com\/#organization\"},\"potentialAction\":[{\"@type\":\"SearchAction\",\"target\":{\"@type\":\"EntryPoint\",\"urlTemplate\":\"https:\/\/mgmconsultingtenerife.com\/?s={search_term_string}\"},\"query-input\":\"required name=search_term_string\"}],\"inLanguage\":\"de\"},{\"@type\":\"Organization\",\"@id\":\"https:\/\/mgmconsultingtenerife.com\/#organization\",\"name\":\"MGM CONSULTING TENERIFE SL\",\"url\":\"https:\/\/mgmconsultingtenerife.com\/\",\"logo\":{\"@type\":\"ImageObject\",\"inLanguage\":\"de\",\"@id\":\"https:\/\/mgmconsultingtenerife.com\/#\/schema\/logo\/image\/\",\"url\":\"https:\/\/mgmconsultingtenerife.com\/wp-content\/uploads\/2020\/08\/logo-mgm.png\",\"contentUrl\":\"https:\/\/mgmconsultingtenerife.com\/wp-content\/uploads\/2020\/08\/logo-mgm.png\",\"width\":327,\"height\":173,\"caption\":\"MGM CONSULTING TENERIFE SL\"},\"image\":{\"@id\":\"https:\/\/mgmconsultingtenerife.com\/#\/schema\/logo\/image\/\"},\"sameAs\":[\"https:\/\/x.com\/lilliammdez\",\"https:\/\/www.linkedin.com\/in\/lilliammenendez\"]}]}<\/script>\n<!-- \/ Yoast SEO plugin. -->","yoast_head_json":{"title":"OUR TEAM - MGM CONSULTING TENERIFE SL","description":"Teams are important! Our team is the secret of our success, providing assistance and personalized advice to our clients.","robots":{"index":"index","follow":"follow","max-snippet":"max-snippet:-1","max-image-preview":"max-image-preview:large","max-video-preview":"max-video-preview:-1"},"canonical":"https:\/\/mgmconsultingtenerife.com\/de\/home-2\/contact-us\/tax-advisors-in-tenerife\/our-team-mgm-consulting-tenerife-sl\/","twitter_card":"summary_large_image","twitter_title":"OUR TEAM - MGM CONSULTING TENERIFE SL","twitter_description":"Teams are important! Our team is the secret of our success, providing assistance and personalized advice to our clients.","twitter_site":"@lilliammdez","twitter_misc":{"Gesch\u00e4tzte Lesezeit":"4\u00a0Minuten"},"schema":{"@context":"https:\/\/schema.org","@graph":[{"@type":"WebPage","@id":"https:\/\/mgmconsultingtenerife.com\/home-2\/contact-us\/tax-advisors-in-tenerife\/our-team-mgm-consulting-tenerife-sl\/","url":"https:\/\/mgmconsultingtenerife.com\/home-2\/contact-us\/tax-advisors-in-tenerife\/our-team-mgm-consulting-tenerife-sl\/","name":"OUR TEAM - MGM CONSULTING TENERIFE SL","isPartOf":{"@id":"https:\/\/mgmconsultingtenerife.com\/#website"},"datePublished":"2015-08-21T11:23:59+00:00","dateModified":"2020-09-09T17:53:58+00:00","description":"Teams are important! Our team is the secret of our success, providing assistance and personalized advice to our clients.","breadcrumb":{"@id":"https:\/\/mgmconsultingtenerife.com\/home-2\/contact-us\/tax-advisors-in-tenerife\/our-team-mgm-consulting-tenerife-sl\/#breadcrumb"},"inLanguage":"de","potentialAction":[{"@type":"ReadAction","target":["https:\/\/mgmconsultingtenerife.com\/home-2\/contact-us\/tax-advisors-in-tenerife\/our-team-mgm-consulting-tenerife-sl\/"]}]},{"@type":"BreadcrumbList","@id":"https:\/\/mgmconsultingtenerife.com\/home-2\/contact-us\/tax-advisors-in-tenerife\/our-team-mgm-consulting-tenerife-sl\/#breadcrumb","itemListElement":[{"@type":"ListItem","position":1,"name":"Home","item":"https:\/\/mgmconsultingtenerife.com\/"},{"@type":"ListItem","position":2,"name":"Home","item":"https:\/\/mgmconsultingtenerife.com\/home-2\/"},{"@type":"ListItem","position":3,"name":"CONTACT US","item":"https:\/\/mgmconsultingtenerife.com\/home-2\/contact-us\/"},{"@type":"ListItem","position":4,"name":"MGM Consulting Tenerife SL &#8211; Tax advisors","item":"https:\/\/mgmconsultingtenerife.com\/"},{"@type":"ListItem","position":5,"name":"OUR TEAM"}]},{"@type":"WebSite","@id":"https:\/\/mgmconsultingtenerife.com\/#website","url":"https:\/\/mgmconsultingtenerife.com\/","name":"MGM CONSULTING TENERIFE SL","description":"TAX ADVISORS | ASESORIA FISCAL","publisher":{"@id":"https:\/\/mgmconsultingtenerife.com\/#organization"},"potentialAction":[{"@type":"SearchAction","target":{"@type":"EntryPoint","urlTemplate":"https:\/\/mgmconsultingtenerife.com\/?s={search_term_string}"},"query-input":"required name=search_term_string"}],"inLanguage":"de"},{"@type":"Organization","@id":"https:\/\/mgmconsultingtenerife.com\/#organization","name":"MGM CONSULTING TENERIFE SL","url":"https:\/\/mgmconsultingtenerife.com\/","logo":{"@type":"ImageObject","inLanguage":"de","@id":"https:\/\/mgmconsultingtenerife.com\/#\/schema\/logo\/image\/","url":"https:\/\/mgmconsultingtenerife.com\/wp-content\/uploads\/2020\/08\/logo-mgm.png","contentUrl":"https:\/\/mgmconsultingtenerife.com\/wp-content\/uploads\/2020\/08\/logo-mgm.png","width":327,"height":173,"caption":"MGM CONSULTING TENERIFE SL"},"image":{"@id":"https:\/\/mgmconsultingtenerife.com\/#\/schema\/logo\/image\/"},"sameAs":["https:\/\/x.com\/lilliammdez","https:\/\/www.linkedin.com\/in\/lilliammenendez"]}]}},"_links":{"self":[{"href":"https:\/\/mgmconsultingtenerife.com\/de\/wp-json\/wp\/v2\/pages\/8","targetHints":{"allow":["GET"]}}],"collection":[{"href":"https:\/\/mgmconsultingtenerife.com\/de\/wp-json\/wp\/v2\/pages"}],"about":[{"href":"https:\/\/mgmconsultingtenerife.com\/de\/wp-json\/wp\/v2\/types\/page"}],"author":[{"embeddable":true,"href":"https:\/\/mgmconsultingtenerife.com\/de\/wp-json\/wp\/v2\/users\/1"}],"replies":[{"embeddable":true,"href":"https:\/\/mgmconsultingtenerife.com\/de\/wp-json\/wp\/v2\/comments?post=8"}],"version-history":[{"count":0,"href":"https:\/\/mgmconsultingtenerife.com\/de\/wp-json\/wp\/v2\/pages\/8\/revisions"}],"up":[{"embeddable":true,"href":"https:\/\/mgmconsultingtenerife.com\/de\/wp-json\/wp\/v2\/pages\/1433"}],"wp:attachment":[{"href":"https:\/\/mgmconsultingtenerife.com\/de\/wp-json\/wp\/v2\/media?parent=8"}],"curies":[{"name":"wp","href":"https:\/\/api.w.org\/{rel}","templated":true}]}}