{"id":452,"date":"2015-09-29T12:34:32","date_gmt":"2015-09-29T12:34:32","guid":{"rendered":"http:\/\/defatch-demo.com\/themes\/juster\/vintage\/?page_id=452"},"modified":"2020-09-09T16:28:02","modified_gmt":"2020-09-09T17:28:02","slug":"gestoria-services-2","status":"publish","type":"page","link":"https:\/\/mgmconsultingtenerife.com\/de\/gestoria-services\/gestoria-services-2\/","title":{"rendered":"2 | Services"},"content":{"rendered":"<div class=\"wpb-content-wrapper\"><div class=\"vc_row wpb_row vc_row-fluid vc_custom_1441725626519 column-have-space\">\n\t<div class=\"vc_col-sm-12 wpb_column vc_column_container  has_animation\" >\n\t<div><div class=\"space-fix\" style=\"\">\n\t\t<div class=\"wpb_wrapper\">\n\t\t\t<div class=\"jt-heading\" style=\"text-align:center;\"><h3 class=\"jt-main-head\" style=\"font-size:30px;\">UNSERE MANAGEMENT-DIENSTLEISTUNGEN<\/h3><div class=\"jt-sep\"><\/div><h4 class=\"sub-heading\" style=\"font-size:25px;\">Wir bieten eine Reihe von Dienstleistungen zur Unterst\u00fctzung unserer Kunden an.<br \/>\nUnser Team verf\u00fcgt \u00fcber umfassende Erfahrung in allen Gestor\u00eda-Dienstleistungen, die wir anbieten.<\/h4><\/div>\n\t\t<\/div> <\/div><\/div>\n\t<\/div> \n<\/div><div class=\"vc_row wpb_row vc_row-fluid vc_custom_1441285615934 column-have-space\"><div class=\"container\">\n\t<div class=\"vc_col-sm-4 wpb_column vc_column_container  has_animation\" >\n\t<div><div class=\"space-fix\" style=\"\">\n\t\t<div class=\"wpb_wrapper\">\n\t\t\t<div class=\"services-style-one services-style-one-extrawidth\">\n                    <div class=\"services-icon\">\n                        <i class=\"pe-7s-graph1\" style=\"\"><\/i>\n                    <\/div>\n                    <div class=\"services-content\">\n                        <h3 style=\"font-size:20px;\">Erledigungsformalit\u00e4ten im Zusammenhang mit \u00f6ffentlichen Urkunden<\/h3>\n                        <p><span style=\"font-size: 18px;\">Wir erledigen alle Formalit\u00e4ten im Zusammenhang mit Kauf-, Erbschafts- und Schenkungsurkunden usw. Nach der Unterzeichnung beim Notar erledigen wir alle Formalit\u00e4ten bis zur Eintragung im entsprechenden Grundbuchamt.<\/span><\/p>\n\n                    <\/div>\n                <\/div>\n\t\t<\/div> <\/div><\/div>\n\t<\/div> \n\n\t<div class=\"vc_col-sm-4 wpb_column vc_column_container  has_animation\" >\n\t<div><div class=\"space-fix\" style=\"\">\n\t\t<div class=\"wpb_wrapper\">\n\t\t\t<div class=\"services-style-one services-style-one-extrawidth\">\n                    <div class=\"services-icon\">\n                        <i class=\"pe-7s-vector\" style=\"\"><\/i>\n                    <\/div>\n                    <div class=\"services-content\">\n                        <h3 style=\"font-size:20px;\">Erbschaft- &amp; Schenkungssteuerberechnung: Vorbereitung des Steuerformulars &amp; Abrechnung beim zust\u00e4ndigen Finanzamt<\/h3>\n                        <p><span style=\"font-size: 18px;\">Wir werden die Berechnung der entsprechenden zu zahlenden Erbschafts- und\/oder Schenkungssteuer vornehmen, das entsprechende Steuerformular vorbereiten &amp; ausf\u00fcllen und mit der Abrechnung beim Finanzamt fortfahren.<\/span><\/p>\n\n                    <\/div>\n                <\/div>\n\t\t<\/div> <\/div><\/div>\n\t<\/div> \n\n\t<div class=\"vc_col-sm-4 wpb_column vc_column_container  has_animation\" >\n\t<div><div class=\"space-fix\" style=\"\">\n\t\t<div class=\"wpb_wrapper\">\n\t\t\t<div class=\"services-style-one services-style-one-extrawidth\">\n                    <div class=\"services-icon\">\n                        <i class=\"pe-7s-headphones\" style=\"\"><\/i>\n                    <\/div>\n                    <div class=\"services-content\">\n                        <h3 style=\"font-size:20px;\">Autotransfer-Formalit\u00e4ten<\/h3>\n                        <p><span style=\"font-size: 18px;\">Mit dem Amt f\u00fcr Verkehrswesen regeln wir den Eigentumswechsel von Fahrzeugen.<\/span><\/p>\n<p><span style=\"font-size: 18px;\">Unsere Arbeit wird den privaten Kauf\/Verkaufsvertrag und die Zahlung von Steuern bis zur Registrierung auf den Namen des neuen Eigent\u00fcmers umfassen.<\/span><\/p>\n\n                    <\/div>\n                <\/div>\n\t\t<\/div> <\/div><\/div>\n\t<\/div> \n<\/div><\/div><div class=\"vc_row wpb_row vc_row-fluid vc_custom_1441285615934 column-have-space\"><div class=\"container\">\n\t<div class=\"vc_col-sm-4 wpb_column vc_column_container  has_animation\" >\n\t<div><div class=\"space-fix\" style=\"\">\n\t\t<div class=\"wpb_wrapper\">\n\t\t\t<div class=\"services-style-one services-style-one-extrawidth\">\n                    <div class=\"services-icon\">\n                        <i class=\"pe-7s-graph1\" style=\"\"><\/i>\n                    <\/div>\n                    <div class=\"services-content\">\n                        <h3 style=\"font-size:20px;\">Spanisch Testament<\/h3>\n                        <p><span style=\"font-size: 18px;\">Wir organisieren die Vorbereitung und Unterzeichnung Ihres spanischen Testaments in Bezug auf die in Spanien belegenen Immobilien und Verm\u00f6genswerte. Dies beinhaltet die Vereinbarung eines Termins bei einem lokalen Notar und die Unterst\u00fctzung bei der Unterzeichnung des Testaments.<\/span><\/p>\n\n                    <\/div>\n                <\/div>\n\t\t<\/div> <\/div><\/div>\n\t<\/div> \n\n\t<div class=\"vc_col-sm-4 wpb_column vc_column_container  has_animation\" >\n\t<div><div class=\"space-fix\" style=\"\">\n\t\t<div class=\"wpb_wrapper\">\n\t\t\t<div class=\"services-style-one services-style-one-extrawidth\">\n                    <div class=\"services-icon\">\n                        <i class=\"pe-7s-vector\" style=\"\"><\/i>\n                    <\/div>\n                    <div class=\"services-content\">\n                        <h3 style=\"font-size:20px;\">NIE-NUMMER (STEUER-IDENTIFIKATIONSNUMMER) Antrag<\/h3>\n                        <p><span style=\"font-size: 18px;\">Wir k\u00f6nnen uns mit dem Erhalt von Steueridentifikationsnummern f\u00fcr Nichtans\u00e4ssige (NIE) vor dem Polizeiamt befassen. Wir f\u00fcllen das Antragsformular aus, zahlen die Steuern und vereinbaren einen Termin.<\/span><\/p>\n\n                    <\/div>\n                <\/div>\n\t\t<\/div> <\/div><\/div>\n\t<\/div> \n\n\t<div class=\"vc_col-sm-4 wpb_column vc_column_container  has_animation\" >\n\t<div><div class=\"space-fix\" style=\"\">\n\t\t<div class=\"wpb_wrapper\">\n\t\t\t<div class=\"services-style-one none-learn-more    services-style-one-extrawidth each-line-heading\">\n                  <div class=\"services-icon\" style=\"\"><i class=\"pe-7s-notebook\" style=\"\"><\/i><\/div>\n                  <div class=\"services-content\">\n                      <h3 style=\"font-size:20px;\">Eigent\u00fcmerwechsel: Vertr\u00e4ge \u00fcber Elektrizit\u00e4t, Wasser<\/h3>\n                      <div class=\"jt-sep-two\"><\/div><p><span style=\"font-size: 18px;\">Wir k\u00fcmmern uns um die \u00c4nderung Ihrer Strom- und Wasservertr\u00e4ge sowie um die \u00c4nderung der Eigentumsverh\u00e4ltnisse mit den \u00f6ffentlichen \u00c4mtern f\u00fcr alle Ausgaben\/Versorgungsleistungen Ihrer Immobilie, einschlie\u00dflich der Einrichtung von Dauerauftr\u00e4gen bei Ihrer \u00f6rtlichen Bank.<\/span><\/p>\n\n                  <\/div>\n              <\/div>\n\t\t<\/div> <\/div><\/div>\n\t<\/div> \n<\/div><\/div><div class=\"vc_row wpb_row vc_row-fluid jt-awards-section vc_custom_1598263989333 vc_row-has-fill column-have-space\"><div class=\"container\">\n\t<div class=\"vc_col-sm-10 wpb_column vc_column_container  has_animation\" >\n\t<div><div class=\"space-fix\" style=\"\">\n\t\t<div class=\"wpb_wrapper\">\n\t\t\t<div class=\"services-style-one services-style-one-extrawidth\">\n                    <div class=\"services-icon\">\n                        <i class=\"pe-7s-headphones\" style=\"\"><\/i>\n                    <\/div>\n                    <div class=\"services-content\">\n                        <h3 style=\"font-size:25px;\">Online-Formalit\u00e4ten<\/h3>\n                        <p><span style=\"font-size: 18px;\">Wir k\u00f6nnen Ihnen bei der Online-Bestellung verschiedener Dokumente bei Public Office behilflich sein.<\/span><\/p>\n\n                    <\/div>\n                <\/div><div class=\"services-style-one services-style-one-extrawidth\">\n                    <div class=\"services-icon\">\n                        <i class=\"pe-7s-notebook\" style=\"\"><\/i>\n                    <\/div>\n                    <div class=\"services-content\">\n                        <h3 style=\"font-size:25px;\">Energie-Effizienz-Zertifikate<\/h3>\n                        <p><span style=\"font-size: 18px;\">Wir k\u00f6nnen den Erhalt des Energieeffizienzzertifikats f\u00fcr Ihre Immobilie organisieren.<br \/>\n<\/span><\/p>\n\n                    <\/div>\n                <\/div><div class=\"services-style-one services-style-one-extrawidth\">\n                    <div class=\"services-icon\">\n                        <i class=\"pe-7s-notebook\" style=\"\"><\/i>\n                    <\/div>\n                    <div class=\"services-content\">\n                        <h3 style=\"font-size:25px;\">Finanzamt Verm\u00f6gensbewertung<\/h3>\n                        <p><span style=\"font-size: 18px;\">Wir k\u00f6nnen Ihnen bei der Einholung einer offiziellen Sch\u00e4tzung des spanischen Finanzamtes f\u00fcr Ihr Eigentum behilflich sein.<\/span><\/p>\n\n                    <\/div>\n                <\/div><div class=\"services-style-one\">\n                    <div class=\"services-icon\">\n                        <i class=\"\" style=\"\"><\/i>\n                    <\/div>\n                    <div class=\"services-content\">\n                        <h3 style=\"font-size:25px;\">Holiday Lettings Lodging (formalities with Police\/Guardia Civil)<\/h3>\n                        \n                    <\/div>\n                <\/div>\n\t\t<\/div> <\/div><\/div>\n\t<\/div> \n\n\t<div class=\"vc_col-sm-2 wpb_column vc_column_container  has_animation\" >\n\t<div><div class=\"space-fix\" style=\"\">\n\t\t<div class=\"wpb_wrapper\">\n\t\t\t\n\t\t<\/div> <\/div><\/div>\n\t<\/div> \n<\/div><\/div><div class=\"vc_row wpb_row vc_row-fluid vc_custom_1441284682311 vc_row-has-fill column-have-space\"><div class=\"container\">\n\t<div class=\"vc_col-sm-12 wpb_column vc_column_container  has_animation\" >\n\t<div><div class=\"space-fix\" style=\"padding-top:60px;padding-bottom:65px;\">\n\t\t<div class=\"wpb_wrapper\">\n\t\t\t<div class=\"jt-call-action jt-call-action-extrawidth\"><div class=\"col-lg-8 col-md-8 col-sm-8 col-xs-8 jt-icon-box-width\"><div class=\"jt-call-icon-box\" style=\"border-color:#ffffff;\"><i class=\"pe-7s-portfolio\" style=\"color:#ffffff;\"><\/i><span class=\"arrow-right\" style=\"background-color:#333336;\"><img decoding=\"async\" src=\"https:\/\/mgmconsultingtenerife.com\/wp-content\/themes\/juster\/images\/arrows\/box-arrow-right-white.png\" alt=\"white\"><\/span><\/div><div class=\"jt-call-action-content\"><h2 style=\"color:#ffffff;font-size:15px;\">Ben\u00f6tigen Sie einen anderen Dienst?<\/h2><p style=\"color:#e2e2e2;\">Wir freuen uns, von Ihnen zu h\u00f6ren...<\/p><\/div><\/div><div class=\"col-lg-4 col-md-4 col-sm-4 col-xs-4 jt-call-btns\"><a href=\"#0\" class=\"btn-primary jt-btn-call-action\" style=\"color:#ffffff;border-color:#ffffff;\">Kontaktieren Sie uns<\/a><\/div><\/div>\n\t\t<\/div> <\/div><\/div>\n\t<\/div> \n<\/div><\/div>\n<\/div>","protected":false},"excerpt":{"rendered":"OUR GESTOR\u00cdA SERVICESWe provide a range of services to assist our clients. Our team has a wide experience in all the Gestor\u00eda Services we provide. Completion formalities related to Public.","protected":false},"author":1,"featured_media":0,"parent":1277,"menu_order":0,"comment_status":"closed","ping_status":"closed","template":"","meta":{"_monsterinsights_skip_tracking":false,"_monsterinsights_sitenote_active":false,"_monsterinsights_sitenote_note":"","_monsterinsights_sitenote_category":0,"footnotes":""},"class_list":["post-452","page","type-page","status-publish","hentry"],"yoast_head":"<!-- This site is optimized with the Yoast SEO plugin v22.7 - https:\/\/yoast.com\/wordpress\/plugins\/seo\/ -->\n<title>2 | Services - MGM CONSULTING TENERIFE SL<\/title>\n<meta name=\"description\" content=\"Our office provides a wide range of gestor\u00eda services to our clients, which are related to purchase, sale, inheritance &amp; donation matters.\" \/>\n<meta name=\"robots\" content=\"index, follow, max-snippet:-1, max-image-preview:large, max-video-preview:-1\" \/>\n<link rel=\"canonical\" href=\"https:\/\/mgmconsultingtenerife.com\/de\/gestoria-services\/gestoria-services-2\/\" \/>\n<meta name=\"twitter:card\" content=\"summary_large_image\" \/>\n<meta name=\"twitter:title\" content=\"2 | Services - MGM CONSULTING TENERIFE SL\" \/>\n<meta name=\"twitter:description\" content=\"Our office provides a wide range of gestor\u00eda services to our clients, which are related to purchase, sale, inheritance &amp; donation matters.\" \/>\n<meta name=\"twitter:site\" content=\"@lilliammdez\" \/>\n<meta name=\"twitter:label1\" content=\"Gesch\u00e4tzte Lesezeit\" \/>\n\t<meta name=\"twitter:data1\" content=\"4\u00a0Minuten\" \/>\n<script type=\"application\/ld+json\" class=\"yoast-schema-graph\">{\"@context\":\"https:\/\/schema.org\",\"@graph\":[{\"@type\":\"WebPage\",\"@id\":\"https:\/\/mgmconsultingtenerife.com\/de\/gestoria-services\/gestoria-services-2\/\",\"url\":\"https:\/\/mgmconsultingtenerife.com\/de\/gestoria-services\/gestoria-services-2\/\",\"name\":\"2 | Services - MGM CONSULTING TENERIFE SL\",\"isPartOf\":{\"@id\":\"https:\/\/mgmconsultingtenerife.com\/#website\"},\"datePublished\":\"2015-09-29T12:34:32+00:00\",\"dateModified\":\"2020-09-09T17:28:02+00:00\",\"description\":\"Our office provides a wide range of gestor\u00eda services to our clients, which are related to purchase, sale, inheritance & donation matters.\",\"breadcrumb\":{\"@id\":\"https:\/\/mgmconsultingtenerife.com\/de\/gestoria-services\/gestoria-services-2\/#breadcrumb\"},\"inLanguage\":\"de\",\"potentialAction\":[{\"@type\":\"ReadAction\",\"target\":[\"https:\/\/mgmconsultingtenerife.com\/de\/gestoria-services\/gestoria-services-2\/\"]}]},{\"@type\":\"BreadcrumbList\",\"@id\":\"https:\/\/mgmconsultingtenerife.com\/de\/gestoria-services\/gestoria-services-2\/#breadcrumb\",\"itemListElement\":[{\"@type\":\"ListItem\",\"position\":1,\"name\":\"Home\",\"item\":\"https:\/\/mgmconsultingtenerife.com\/\"},{\"@type\":\"ListItem\",\"position\":2,\"name\":\"GESTOR\u00cdA SERVICES\",\"item\":\"https:\/\/mgmconsultingtenerife.com\/de\/gestoria-services\/\"},{\"@type\":\"ListItem\",\"position\":3,\"name\":\"2 | Services\"}]},{\"@type\":\"WebSite\",\"@id\":\"https:\/\/mgmconsultingtenerife.com\/#website\",\"url\":\"https:\/\/mgmconsultingtenerife.com\/\",\"name\":\"MGM CONSULTING TENERIFE SL\",\"description\":\"TAX ADVISORS | ASESORIA FISCAL\",\"publisher\":{\"@id\":\"https:\/\/mgmconsultingtenerife.com\/#organization\"},\"potentialAction\":[{\"@type\":\"SearchAction\",\"target\":{\"@type\":\"EntryPoint\",\"urlTemplate\":\"https:\/\/mgmconsultingtenerife.com\/?s={search_term_string}\"},\"query-input\":\"required name=search_term_string\"}],\"inLanguage\":\"de\"},{\"@type\":\"Organization\",\"@id\":\"https:\/\/mgmconsultingtenerife.com\/#organization\",\"name\":\"MGM CONSULTING TENERIFE SL\",\"url\":\"https:\/\/mgmconsultingtenerife.com\/\",\"logo\":{\"@type\":\"ImageObject\",\"inLanguage\":\"de\",\"@id\":\"https:\/\/mgmconsultingtenerife.com\/#\/schema\/logo\/image\/\",\"url\":\"https:\/\/mgmconsultingtenerife.com\/wp-content\/uploads\/2020\/08\/logo-mgm.png\",\"contentUrl\":\"https:\/\/mgmconsultingtenerife.com\/wp-content\/uploads\/2020\/08\/logo-mgm.png\",\"width\":327,\"height\":173,\"caption\":\"MGM CONSULTING TENERIFE SL\"},\"image\":{\"@id\":\"https:\/\/mgmconsultingtenerife.com\/#\/schema\/logo\/image\/\"},\"sameAs\":[\"https:\/\/x.com\/lilliammdez\",\"https:\/\/www.linkedin.com\/in\/lilliammenendez\"]}]}<\/script>\n<!-- \/ Yoast SEO plugin. -->","yoast_head_json":{"title":"2 | Services - MGM CONSULTING TENERIFE SL","description":"Our office provides a wide range of gestor\u00eda services to our clients, which are related to purchase, sale, inheritance & donation matters.","robots":{"index":"index","follow":"follow","max-snippet":"max-snippet:-1","max-image-preview":"max-image-preview:large","max-video-preview":"max-video-preview:-1"},"canonical":"https:\/\/mgmconsultingtenerife.com\/de\/gestoria-services\/gestoria-services-2\/","twitter_card":"summary_large_image","twitter_title":"2 | Services - MGM CONSULTING TENERIFE SL","twitter_description":"Our office provides a wide range of gestor\u00eda services to our clients, which are related to purchase, sale, inheritance & donation matters.","twitter_site":"@lilliammdez","twitter_misc":{"Gesch\u00e4tzte Lesezeit":"4\u00a0Minuten"},"schema":{"@context":"https:\/\/schema.org","@graph":[{"@type":"WebPage","@id":"https:\/\/mgmconsultingtenerife.com\/de\/gestoria-services\/gestoria-services-2\/","url":"https:\/\/mgmconsultingtenerife.com\/de\/gestoria-services\/gestoria-services-2\/","name":"2 | Services - MGM CONSULTING TENERIFE SL","isPartOf":{"@id":"https:\/\/mgmconsultingtenerife.com\/#website"},"datePublished":"2015-09-29T12:34:32+00:00","dateModified":"2020-09-09T17:28:02+00:00","description":"Our office provides a wide range of gestor\u00eda services to our clients, which are related to purchase, sale, inheritance & donation matters.","breadcrumb":{"@id":"https:\/\/mgmconsultingtenerife.com\/de\/gestoria-services\/gestoria-services-2\/#breadcrumb"},"inLanguage":"de","potentialAction":[{"@type":"ReadAction","target":["https:\/\/mgmconsultingtenerife.com\/de\/gestoria-services\/gestoria-services-2\/"]}]},{"@type":"BreadcrumbList","@id":"https:\/\/mgmconsultingtenerife.com\/de\/gestoria-services\/gestoria-services-2\/#breadcrumb","itemListElement":[{"@type":"ListItem","position":1,"name":"Home","item":"https:\/\/mgmconsultingtenerife.com\/"},{"@type":"ListItem","position":2,"name":"GESTOR\u00cdA SERVICES","item":"https:\/\/mgmconsultingtenerife.com\/de\/gestoria-services\/"},{"@type":"ListItem","position":3,"name":"2 | Services"}]},{"@type":"WebSite","@id":"https:\/\/mgmconsultingtenerife.com\/#website","url":"https:\/\/mgmconsultingtenerife.com\/","name":"MGM CONSULTING TENERIFE SL","description":"TAX ADVISORS | ASESORIA FISCAL","publisher":{"@id":"https:\/\/mgmconsultingtenerife.com\/#organization"},"potentialAction":[{"@type":"SearchAction","target":{"@type":"EntryPoint","urlTemplate":"https:\/\/mgmconsultingtenerife.com\/?s={search_term_string}"},"query-input":"required name=search_term_string"}],"inLanguage":"de"},{"@type":"Organization","@id":"https:\/\/mgmconsultingtenerife.com\/#organization","name":"MGM CONSULTING TENERIFE SL","url":"https:\/\/mgmconsultingtenerife.com\/","logo":{"@type":"ImageObject","inLanguage":"de","@id":"https:\/\/mgmconsultingtenerife.com\/#\/schema\/logo\/image\/","url":"https:\/\/mgmconsultingtenerife.com\/wp-content\/uploads\/2020\/08\/logo-mgm.png","contentUrl":"https:\/\/mgmconsultingtenerife.com\/wp-content\/uploads\/2020\/08\/logo-mgm.png","width":327,"height":173,"caption":"MGM CONSULTING TENERIFE SL"},"image":{"@id":"https:\/\/mgmconsultingtenerife.com\/#\/schema\/logo\/image\/"},"sameAs":["https:\/\/x.com\/lilliammdez","https:\/\/www.linkedin.com\/in\/lilliammenendez"]}]}},"_links":{"self":[{"href":"https:\/\/mgmconsultingtenerife.com\/de\/wp-json\/wp\/v2\/pages\/452","targetHints":{"allow":["GET"]}}],"collection":[{"href":"https:\/\/mgmconsultingtenerife.com\/de\/wp-json\/wp\/v2\/pages"}],"about":[{"href":"https:\/\/mgmconsultingtenerife.com\/de\/wp-json\/wp\/v2\/types\/page"}],"author":[{"embeddable":true,"href":"https:\/\/mgmconsultingtenerife.com\/de\/wp-json\/wp\/v2\/users\/1"}],"replies":[{"embeddable":true,"href":"https:\/\/mgmconsultingtenerife.com\/de\/wp-json\/wp\/v2\/comments?post=452"}],"version-history":[{"count":0,"href":"https:\/\/mgmconsultingtenerife.com\/de\/wp-json\/wp\/v2\/pages\/452\/revisions"}],"up":[{"embeddable":true,"href":"https:\/\/mgmconsultingtenerife.com\/de\/wp-json\/wp\/v2\/pages\/1277"}],"wp:attachment":[{"href":"https:\/\/mgmconsultingtenerife.com\/de\/wp-json\/wp\/v2\/media?parent=452"}],"curies":[{"name":"wp","href":"https:\/\/api.w.org\/{rel}","templated":true}]}}