{"id":1198,"date":"2015-10-08T15:04:12","date_gmt":"2015-10-08T15:04:12","guid":{"rendered":"http:\/\/defatch-demo.com\/themes\/juster\/jt-blog\/?page_id=1198"},"modified":"2020-12-13T17:58:11","modified_gmt":"2020-12-13T18:58:11","slug":"tax-consultancy-services","status":"publish","type":"page","link":"https:\/\/mgmconsultingtenerife.com\/de\/tax-consultancy-services\/","title":{"rendered":"1 | Services"},"content":{"rendered":"<div class=\"wpb-content-wrapper\"><div class=\"vc_row wpb_row vc_row-fluid vc_custom_1598353883525 vc_row-has-fill column-have-space\">\n\t<div class=\"vc_col-sm-12 wpb_column vc_column_container  has_animation\" >\n\t<div><div class=\"space-fix\" style=\"\">\n\t\t<div class=\"wpb_wrapper\">\n\t\t\t<div class=\"jt-heading\" style=\"text-align:center;\"><h1 class=\"jt-main-head\" style=\"font-size:30px;\">Steuern f\u00fcr Nicht-Residenten:<\/h1><div class=\"jt-sep\"><\/div><h4 class=\"sub-heading\" style=\"font-size:25px;\">Non-Resident Taxation<\/h4><\/div><div class=\"vc_empty_space\"   style=\"height: 32px\"><span class=\"vc_empty_space_inner\"><\/span><\/div><section class=\"vc_cta3-container\"><div class=\"vc_general vc_do_cta3 vc_cta3 vc_cta3-style-classic vc_cta3-shape-rounded vc_cta3-align-left vc_cta3-color-classic vc_cta3-icon-size-md\"><div class=\"vc_cta3_content-container\"><div class=\"vc_cta3-content\"><header class=\"vc_cta3-content-header\"><h2>Steuer f\u00fcr Nicht-Residenten<\/h2><\/header><\/div><\/div><\/div><\/section><div class=\"vc-hoverbox-wrapper  vc-hoverbox-shape--rounded vc-hoverbox-align--center vc-hoverbox-direction--default vc-hoverbox-width--100\"  ontouchstart=\"\">\n  <div class=\"vc-hoverbox\">\n    <div class=\"vc-hoverbox-inner\">\n      <div class=\"vc-hoverbox-block vc-hoverbox-front\" style=\"background-image: url(https:\/\/mgmconsultingtenerife.com\/wp-content\/uploads\/2020\/08\/pencil-782755_1280-1-1024x640.jpg);\">\n        <div class=\"vc-hoverbox-block-inner vc-hoverbox-front-inner\">\n            <h2 style=\"text-align:center\">Nicht-ans\u00e4ssige Hauseigent\u00fcmer und j\u00e4hrliche Verm\u00f6genssteuern<\/h2>\n        <\/div>\n      <\/div>\n      <div class=\"vc-hoverbox-block vc-hoverbox-back\" style=\"background-color: #ebebeb;\">\n        <div class=\"vc-hoverbox-block-inner vc-hoverbox-back-inner\">\n            <h2 style=\"text-align:center\">Unterst\u00fctzung bei Ihren j\u00e4hrlichen Steuererkl\u00e4rungen<\/h2>\n            <p>Als nicht ans\u00e4ssige Personen, die Eigentum besitzen, sollte eine j\u00e4hrliche Steuererkl\u00e4rung beim spanischen Finanzamt eingereicht werden.<\/p>\n<p>&nbsp;<\/p>\n<p>&nbsp;<\/p>\n<p>&nbsp;<\/p>\n<p>&nbsp;<\/p>\n<p>&nbsp;<\/p>\n\n            \n        <\/div>\n      <\/div>\n    <\/div>\n  <\/div>\n<\/div><div class=\"vc-hoverbox-wrapper  vc-hoverbox-shape--rounded vc-hoverbox-align--center vc-hoverbox-direction--default vc-hoverbox-width--100\"  ontouchstart=\"\">\n  <div class=\"vc-hoverbox\">\n    <div class=\"vc-hoverbox-inner\">\n      <div class=\"vc-hoverbox-block vc-hoverbox-front\" style=\"background-image: url(https:\/\/mgmconsultingtenerife.com\/wp-content\/uploads\/2020\/08\/composition-3288398_1920-1-1024x768.jpg);\">\n        <div class=\"vc-hoverbox-block-inner vc-hoverbox-front-inner\">\n            <h2 style=\"text-align:center\">Benennung als Ihr Fiskalvertreter<\/h2>\n        <\/div>\n      <\/div>\n      <div class=\"vc-hoverbox-block vc-hoverbox-back\" style=\"background-color: #ebebeb;\">\n        <div class=\"vc-hoverbox-block-inner vc-hoverbox-back-inner\">\n            <h2 style=\"text-align:center\">Fiskalische Repr\u00e4sentation<\/h2>\n            <p>Wenn Sie Kunde unserer Kanzlei werden, m\u00fcssen Sie ein Formular unterzeichnen, mit dem wir zu Ihren Fiskalvertretern ernannt werden.<\/p>\n<p>&nbsp;<\/p>\n\n            \n        <\/div>\n      <\/div>\n    <\/div>\n  <\/div>\n<\/div>\n\t\t<\/div> <\/div><\/div>\n\t<\/div> \n<\/div><div class=\"vc_row wpb_row vc_row-fluid vc_custom_1598353866069 vc_row-has-fill column-have-space\">\n\t<div class=\"vc_col-sm-12 wpb_column vc_column_container  has_animation\" >\n\t<div><div class=\"space-fix\" style=\"\">\n\t\t<div class=\"wpb_wrapper\">\n\t\t\t<div class=\"jt-heading\" style=\"text-align:center;\"><h2 class=\"jt-main-head\" style=\"font-size:30px;\">Vermietungssteuer (f\u00fcr vermietete Immobilien)<\/h2><div class=\"jt-sep\"><\/div><\/div><div class=\"vc_empty_space\"   style=\"height: 32px\"><span class=\"vc_empty_space_inner\"><\/span><\/div><section class=\"vc_cta3-container\"><div class=\"vc_general vc_do_cta3 vc_cta3 vc_cta3-style-classic vc_cta3-shape-rounded vc_cta3-align-left vc_cta3-color-classic vc_cta3-icon-size-md\"><div class=\"vc_cta3_content-container\"><div class=\"vc_cta3-content\"><header class=\"vc_cta3-content-header\"><h2>Steuern f\u00fcr Nicht-Residenten: wenn Sie Ihr Eigentum vermieten<\/h2><\/header><\/div><\/div><\/div><\/section><div class=\"vc-hoverbox-wrapper  vc-hoverbox-shape--rounded vc-hoverbox-align--center vc-hoverbox-direction--default vc-hoverbox-width--100\"  ontouchstart=\"\">\n  <div class=\"vc-hoverbox\">\n    <div class=\"vc-hoverbox-inner\">\n      <div class=\"vc-hoverbox-block vc-hoverbox-front\" style=\"background-image: url(https:\/\/mgmconsultingtenerife.com\/wp-content\/uploads\/2020\/08\/letter-4746345_1920-1-1024x576.jpg);\">\n        <div class=\"vc-hoverbox-block-inner vc-hoverbox-front-inner\">\n            <h2 style=\"text-align:center\">Quarterly tax return<\/h2>\n        <\/div>\n      <\/div>\n      <div class=\"vc-hoverbox-block vc-hoverbox-back\" style=\"background-color: #ebebeb;\">\n        <div class=\"vc-hoverbox-block-inner vc-hoverbox-back-inner\">\n            <h2 style=\"text-align:center\">Vermietung Steuererkl\u00e4rung<\/h2>\n            <p>Wenn Sie vermieten, sollten Ihre Verm\u00f6genssteuern viertelj\u00e4hrlich abgerechnet werden. Wir werden die Kunden um die Informationen bitten, die zur Begleichung der entsprechenden Steuererkl\u00e4rungen erforderlich sind.<\/p>\n\n            \n        <\/div>\n      <\/div>\n    <\/div>\n  <\/div>\n<\/div><div class=\"vc-hoverbox-wrapper  vc-hoverbox-shape--rounded vc-hoverbox-align--center vc-hoverbox-direction--default vc-hoverbox-width--100\"  ontouchstart=\"\">\n  <div class=\"vc-hoverbox\">\n    <div class=\"vc-hoverbox-inner\">\n      <div class=\"vc-hoverbox-block vc-hoverbox-front\" style=\"background-image: url(https:\/\/mgmconsultingtenerife.com\/wp-content\/uploads\/2020\/08\/20D21F20-504C-43F0-B036-FA2297F7A11D-1024x683.jpeg);\">\n        <div class=\"vc-hoverbox-block-inner vc-hoverbox-front-inner\">\n            <h2 style=\"text-align:center\">IGIC-STEUER<\/h2>\n        <\/div>\n      <\/div>\n      <div class=\"vc-hoverbox-block vc-hoverbox-back\" style=\"background-color: #ebebeb;\">\n        <div class=\"vc-hoverbox-block-inner vc-hoverbox-back-inner\">\n            <h2 style=\"text-align:center\">IGIC-STEUER (FERIENVERMIETUNGEN)<\/h2>\n            <p>Wenn Ihre Immobilie als Ferienvermietung vermietet wird (durch eine Verwaltungsgesellschaft usw.), sollte die entsprechende IGIC-Steuererkl\u00e4rung viertelj\u00e4hrlich eingereicht werden.<\/p>\n<p>&nbsp;<\/p>\n\n            \n        <\/div>\n      <\/div>\n    <\/div>\n  <\/div>\n<\/div>\n\t\t<\/div> <\/div><\/div>\n\t<\/div> \n<\/div><div class=\"vc_row wpb_row vc_row-fluid vc_custom_1598353899610 vc_row-has-fill column-have-space\">\n\t<div class=\"vc_col-sm-12 wpb_column vc_column_container  has_animation\" >\n\t<div><div class=\"space-fix\" style=\"\">\n\t\t<div class=\"wpb_wrapper\">\n\t\t\t<div class=\"jt-heading\" style=\"text-align:center;\"><h2 class=\"jt-main-head\" style=\"font-size:30px;\">Lokale Steuern<\/h2><div class=\"jt-sep\"><\/div><\/div><div class=\"vc_empty_space\"   style=\"height: 32px\"><span class=\"vc_empty_space_inner\"><\/span><\/div><section class=\"vc_cta3-container\"><div class=\"vc_general vc_do_cta3 vc_cta3 vc_cta3-style-classic vc_cta3-shape-rounded vc_cta3-align-left vc_cta3-color-classic vc_cta3-icon-size-md\"><div class=\"vc_cta3_content-container\"><div class=\"vc_cta3-content\"><header class=\"vc_cta3-content-header\"><h2>Lokale Steuern (IBI &amp; M\u00fcllabfuhr, etc.)<\/h2><\/header><\/div><\/div><\/div><\/section><div class=\"vc-hoverbox-wrapper  vc-hoverbox-shape--rounded vc-hoverbox-align--center vc-hoverbox-direction--default vc-hoverbox-width--100\"  ontouchstart=\"\">\n  <div class=\"vc-hoverbox\">\n    <div class=\"vc-hoverbox-inner\">\n      <div class=\"vc-hoverbox-block vc-hoverbox-front\" style=\"background-image: url(https:\/\/mgmconsultingtenerife.com\/wp-content\/uploads\/2020\/08\/63283A90-4A0E-4AC9-B5EE-CD2C63CD66D5-1024x576.jpeg);\">\n        <div class=\"vc-hoverbox-block-inner vc-hoverbox-front-inner\">\n            <h2 style=\"text-align:center\">Lokale Steuern<\/h2>\n        <\/div>\n      <\/div>\n      <div class=\"vc-hoverbox-block vc-hoverbox-back\" style=\"background-color: #ebebeb;\">\n        <div class=\"vc-hoverbox-block-inner vc-hoverbox-back-inner\">\n            <h2 style=\"text-align:center\">An Rath\u00e4user zu zahlende Kommunalsteuern<\/h2>\n            <p>Es gibt \u00f6rtliche Steuern, die Eigent\u00fcmer von Immobilien entrichten m\u00fcssen:<\/p>\n<ul>\n<li>Bei einigen Steuern handelt es sich um j\u00e4hrliche Steuern, d.h. IBI-Steuer (Lokalsteuer), Kraftfahrzeugsteuer, etc.<\/li>\n<li>Andere Steuern sind zweimal im Jahr zu entrichten, d.h. M\u00fcllabfuhr<\/li>\n<\/ul>\n<p>&nbsp;<\/p>\n\n            \n        <\/div>\n      <\/div>\n    <\/div>\n  <\/div>\n<\/div>\n\t\t<\/div> <\/div><\/div>\n\t<\/div> \n<\/div><div class=\"vc_row wpb_row vc_row-fluid vc_custom_1598353913322 vc_row-has-fill column-have-space\">\n\t<div class=\"vc_col-sm-12 wpb_column vc_column_container  has_animation\" >\n\t<div><div class=\"space-fix\" style=\"\">\n\t\t<div class=\"wpb_wrapper\">\n\t\t\t<div class=\"jt-heading\" style=\"text-align:center;\"><h2 class=\"jt-main-head\" style=\"font-size:30px;\">Steuern beim Verkauf von Immobilien<\/h2><div class=\"jt-sep\"><\/div><\/div><div class=\"vc_empty_space\"   style=\"height: 32px\"><span class=\"vc_empty_space_inner\"><\/span><\/div><section class=\"vc_cta3-container\"><div class=\"vc_general vc_do_cta3 vc_cta3 vc_cta3-style-classic vc_cta3-shape-rounded vc_cta3-align-left vc_cta3-color-classic vc_cta3-icon-size-md\"><div class=\"vc_cta3_content-container\"><div class=\"vc_cta3-content\"><header class=\"vc_cta3-content-header\"><h2>Capital Gains Tax<\/h2><\/header><\/div><\/div><\/div><\/section><div class=\"vc-hoverbox-wrapper  vc-hoverbox-shape--rounded vc-hoverbox-align--center vc-hoverbox-direction--default vc-hoverbox-width--100\"  ontouchstart=\"\">\n  <div class=\"vc-hoverbox\">\n    <div class=\"vc-hoverbox-inner\">\n      <div class=\"vc-hoverbox-block vc-hoverbox-front\" style=\"background-image: url(https:\/\/mgmconsultingtenerife.com\/wp-content\/uploads\/2020\/08\/filler-3363661_1920-1024x683.jpg);\">\n        <div class=\"vc-hoverbox-block-inner vc-hoverbox-front-inner\">\n            <h2 style=\"text-align:center\">Capital Gains Tax<\/h2>\n        <\/div>\n      <\/div>\n      <div class=\"vc-hoverbox-block vc-hoverbox-back\" style=\"background-color: #ebebeb;\">\n        <div class=\"vc-hoverbox-block-inner vc-hoverbox-back-inner\">\n            <h2 style=\"text-align:center\">Steuer beim Verkauf von Immobilien<\/h2>\n            <p>Diese Steuer kann beim Verkauf Ihrer Immobilie anfallen. Wir werden die Berechnung vornehmen und Ihnen den entsprechenden Betrag mitteilen. Andernfalls k\u00f6nnen Sie Anspruch auf die R\u00fcckerstattung von 3% haben, die beim Verkauf der Immobilie einbehalten werden.<\/p>\n\n            \n        <\/div>\n      <\/div>\n    <\/div>\n  <\/div>\n<\/div>\n\t\t<\/div> <\/div><\/div>\n\t<\/div> \n<\/div><div class=\"vc_row wpb_row vc_row-fluid vc_custom_1598353924138 vc_row-has-fill column-have-space\">\n\t<div class=\"vc_col-sm-12 wpb_column vc_column_container  has_animation\" >\n\t<div><div class=\"space-fix\" style=\"\">\n\t\t<div class=\"wpb_wrapper\">\n\t\t\t<div class=\"jt-heading\" style=\"text-align:center;\"><h2 class=\"jt-main-head\" style=\"font-size:30px;\">Steuern auf Immobilienerwerb \/ Erbschafts- und Schenkungssteuern<\/h2><div class=\"jt-sep\"><\/div><\/div><div class=\"vc_empty_space\"   style=\"height: 32px\"><span class=\"vc_empty_space_inner\"><\/span><\/div><section class=\"vc_cta3-container\"><div class=\"vc_general vc_do_cta3 vc_cta3 vc_cta3-style-classic vc_cta3-shape-rounded vc_cta3-align-left vc_cta3-color-classic vc_cta3-icon-size-md\"><div class=\"vc_cta3_content-container\"><div class=\"vc_cta3-content\"><header class=\"vc_cta3-content-header\"><h2>Sonstige staatliche Steuern<\/h2><\/header><\/div><\/div><\/div><\/section><div class=\"vc-hoverbox-wrapper  vc-hoverbox-shape--rounded vc-hoverbox-align--center vc-hoverbox-direction--default vc-hoverbox-width--100\"  ontouchstart=\"\">\n  <div class=\"vc-hoverbox\">\n    <div class=\"vc-hoverbox-inner\">\n      <div class=\"vc-hoverbox-block vc-hoverbox-front\" style=\"background-image: url(https:\/\/mgmconsultingtenerife.com\/wp-content\/uploads\/2020\/08\/pencil-918449_1920-1-1024x683.jpg);\">\n        <div class=\"vc-hoverbox-block-inner vc-hoverbox-front-inner\">\n            <h2 style=\"text-align:center\">Sonstige staatliche Steuern<\/h2>\n        <\/div>\n      <\/div>\n      <div class=\"vc-hoverbox-block vc-hoverbox-back\" style=\"background-color: #ebebeb;\">\n        <div class=\"vc-hoverbox-block-inner vc-hoverbox-back-inner\">\n            <h2 style=\"text-align:center\">Steuer auf Verm\u00f6genserwerb, Steuer auf Erbschafts- und Schenkungsangelegenheiten<\/h2>\n            <p>Steuern sind zu entrichten auf<\/p>\n<p>Auf Immobilienk\u00e4ufe sind Steuern zu zahlen<\/p>\n<p>Auf die Vererbung von Eigentum und Verm\u00f6gen sind Steuern zu entrichten.<\/p>\n<p>Auf Schenkungen von Eigentum und Verm\u00f6gen sind Steuern zu entrichten.<\/p>\n<p>Wir f\u00fchren die Berechnung durch und teilen Ihnen den entsprechenden Steuerbetrag mit, der an das spanische Finanzamt abzuf\u00fchren ist.<\/p>\n<p>&nbsp;<\/p>\n\n            \n        <\/div>\n      <\/div>\n    <\/div>\n  <\/div>\n<\/div>\n\t\t<\/div> <\/div><\/div>\n\t<\/div> \n<\/div>\n<\/div>","protected":false},"excerpt":{"rendered":"Taxes for Non Residents:Non-Resident TaxationNon Residents Tax Non-Resident Home Owners and Annual Property Taxes Assistance with your annual tax returns As non residents who own property and annual tax return.","protected":false},"author":1,"featured_media":0,"parent":0,"menu_order":0,"comment_status":"closed","ping_status":"closed","template":"","meta":{"_monsterinsights_skip_tracking":false,"_monsterinsights_sitenote_active":false,"_monsterinsights_sitenote_note":"","_monsterinsights_sitenote_category":0,"footnotes":""},"class_list":["post-1198","page","type-page","status-publish","hentry"],"yoast_head":"<!-- This site is optimized with the Yoast SEO plugin v22.7 - https:\/\/yoast.com\/wordpress\/plugins\/seo\/ -->\n<title>1 | Services - MGM CONSULTING TENERIFE SL<\/title>\n<meta name=\"description\" content=\"Tax consultancy services for British, German and Belgian clients for many years, as well as clients from another countries, and have taken care of their tax affairs with the greatest care and personal attention.\" \/>\n<meta name=\"robots\" content=\"index, follow, max-snippet:-1, max-image-preview:large, max-video-preview:-1\" \/>\n<link rel=\"canonical\" href=\"https:\/\/mgmconsultingtenerife.com\/de\/tax-consultancy-services\/\" \/>\n<meta name=\"twitter:card\" content=\"summary_large_image\" \/>\n<meta name=\"twitter:title\" content=\"1 | Services - MGM CONSULTING TENERIFE SL\" \/>\n<meta name=\"twitter:description\" content=\"Tax consultancy services for British, German and Belgian clients for many years, as well as clients from another countries, and have taken care of their tax affairs with the greatest care and personal attention.\" \/>\n<meta name=\"twitter:site\" content=\"@lilliammdez\" \/>\n<meta name=\"twitter:label1\" content=\"Gesch\u00e4tzte Lesezeit\" \/>\n\t<meta name=\"twitter:data1\" content=\"3\u00a0Minuten\" \/>\n<script type=\"application\/ld+json\" class=\"yoast-schema-graph\">{\"@context\":\"https:\/\/schema.org\",\"@graph\":[{\"@type\":\"WebPage\",\"@id\":\"https:\/\/mgmconsultingtenerife.com\/de\/tax-consultancy-services\/\",\"url\":\"https:\/\/mgmconsultingtenerife.com\/de\/tax-consultancy-services\/\",\"name\":\"1 | Services - MGM CONSULTING TENERIFE SL\",\"isPartOf\":{\"@id\":\"https:\/\/mgmconsultingtenerife.com\/#website\"},\"datePublished\":\"2015-10-08T15:04:12+00:00\",\"dateModified\":\"2020-12-13T18:58:11+00:00\",\"description\":\"Tax consultancy services for British, German and Belgian clients for many years, as well as clients from another countries, and have taken care of their tax affairs with the greatest care and personal attention.\",\"breadcrumb\":{\"@id\":\"https:\/\/mgmconsultingtenerife.com\/de\/tax-consultancy-services\/#breadcrumb\"},\"inLanguage\":\"de\",\"potentialAction\":[{\"@type\":\"ReadAction\",\"target\":[\"https:\/\/mgmconsultingtenerife.com\/de\/tax-consultancy-services\/\"]}]},{\"@type\":\"BreadcrumbList\",\"@id\":\"https:\/\/mgmconsultingtenerife.com\/de\/tax-consultancy-services\/#breadcrumb\",\"itemListElement\":[{\"@type\":\"ListItem\",\"position\":1,\"name\":\"Home\",\"item\":\"https:\/\/mgmconsultingtenerife.com\/\"},{\"@type\":\"ListItem\",\"position\":2,\"name\":\"1 | Services\"}]},{\"@type\":\"WebSite\",\"@id\":\"https:\/\/mgmconsultingtenerife.com\/#website\",\"url\":\"https:\/\/mgmconsultingtenerife.com\/\",\"name\":\"MGM CONSULTING TENERIFE SL\",\"description\":\"TAX ADVISORS | ASESORIA FISCAL\",\"publisher\":{\"@id\":\"https:\/\/mgmconsultingtenerife.com\/#organization\"},\"potentialAction\":[{\"@type\":\"SearchAction\",\"target\":{\"@type\":\"EntryPoint\",\"urlTemplate\":\"https:\/\/mgmconsultingtenerife.com\/?s={search_term_string}\"},\"query-input\":\"required name=search_term_string\"}],\"inLanguage\":\"de\"},{\"@type\":\"Organization\",\"@id\":\"https:\/\/mgmconsultingtenerife.com\/#organization\",\"name\":\"MGM CONSULTING TENERIFE SL\",\"url\":\"https:\/\/mgmconsultingtenerife.com\/\",\"logo\":{\"@type\":\"ImageObject\",\"inLanguage\":\"de\",\"@id\":\"https:\/\/mgmconsultingtenerife.com\/#\/schema\/logo\/image\/\",\"url\":\"https:\/\/mgmconsultingtenerife.com\/wp-content\/uploads\/2020\/08\/logo-mgm.png\",\"contentUrl\":\"https:\/\/mgmconsultingtenerife.com\/wp-content\/uploads\/2020\/08\/logo-mgm.png\",\"width\":327,\"height\":173,\"caption\":\"MGM CONSULTING TENERIFE SL\"},\"image\":{\"@id\":\"https:\/\/mgmconsultingtenerife.com\/#\/schema\/logo\/image\/\"},\"sameAs\":[\"https:\/\/x.com\/lilliammdez\",\"https:\/\/www.linkedin.com\/in\/lilliammenendez\"]}]}<\/script>\n<!-- \/ Yoast SEO plugin. -->","yoast_head_json":{"title":"1 | Services - MGM CONSULTING TENERIFE SL","description":"Tax consultancy services for British, German and Belgian clients for many years, as well as clients from another countries, and have taken care of their tax affairs with the greatest care and personal attention.","robots":{"index":"index","follow":"follow","max-snippet":"max-snippet:-1","max-image-preview":"max-image-preview:large","max-video-preview":"max-video-preview:-1"},"canonical":"https:\/\/mgmconsultingtenerife.com\/de\/tax-consultancy-services\/","twitter_card":"summary_large_image","twitter_title":"1 | Services - MGM CONSULTING TENERIFE SL","twitter_description":"Tax consultancy services for British, German and Belgian clients for many years, as well as clients from another countries, and have taken care of their tax affairs with the greatest care and personal attention.","twitter_site":"@lilliammdez","twitter_misc":{"Gesch\u00e4tzte Lesezeit":"3\u00a0Minuten"},"schema":{"@context":"https:\/\/schema.org","@graph":[{"@type":"WebPage","@id":"https:\/\/mgmconsultingtenerife.com\/de\/tax-consultancy-services\/","url":"https:\/\/mgmconsultingtenerife.com\/de\/tax-consultancy-services\/","name":"1 | Services - MGM CONSULTING TENERIFE SL","isPartOf":{"@id":"https:\/\/mgmconsultingtenerife.com\/#website"},"datePublished":"2015-10-08T15:04:12+00:00","dateModified":"2020-12-13T18:58:11+00:00","description":"Tax consultancy services for British, German and Belgian clients for many years, as well as clients from another countries, and have taken care of their tax affairs with the greatest care and personal attention.","breadcrumb":{"@id":"https:\/\/mgmconsultingtenerife.com\/de\/tax-consultancy-services\/#breadcrumb"},"inLanguage":"de","potentialAction":[{"@type":"ReadAction","target":["https:\/\/mgmconsultingtenerife.com\/de\/tax-consultancy-services\/"]}]},{"@type":"BreadcrumbList","@id":"https:\/\/mgmconsultingtenerife.com\/de\/tax-consultancy-services\/#breadcrumb","itemListElement":[{"@type":"ListItem","position":1,"name":"Home","item":"https:\/\/mgmconsultingtenerife.com\/"},{"@type":"ListItem","position":2,"name":"1 | Services"}]},{"@type":"WebSite","@id":"https:\/\/mgmconsultingtenerife.com\/#website","url":"https:\/\/mgmconsultingtenerife.com\/","name":"MGM CONSULTING TENERIFE SL","description":"TAX ADVISORS | ASESORIA FISCAL","publisher":{"@id":"https:\/\/mgmconsultingtenerife.com\/#organization"},"potentialAction":[{"@type":"SearchAction","target":{"@type":"EntryPoint","urlTemplate":"https:\/\/mgmconsultingtenerife.com\/?s={search_term_string}"},"query-input":"required name=search_term_string"}],"inLanguage":"de"},{"@type":"Organization","@id":"https:\/\/mgmconsultingtenerife.com\/#organization","name":"MGM CONSULTING TENERIFE SL","url":"https:\/\/mgmconsultingtenerife.com\/","logo":{"@type":"ImageObject","inLanguage":"de","@id":"https:\/\/mgmconsultingtenerife.com\/#\/schema\/logo\/image\/","url":"https:\/\/mgmconsultingtenerife.com\/wp-content\/uploads\/2020\/08\/logo-mgm.png","contentUrl":"https:\/\/mgmconsultingtenerife.com\/wp-content\/uploads\/2020\/08\/logo-mgm.png","width":327,"height":173,"caption":"MGM CONSULTING TENERIFE SL"},"image":{"@id":"https:\/\/mgmconsultingtenerife.com\/#\/schema\/logo\/image\/"},"sameAs":["https:\/\/x.com\/lilliammdez","https:\/\/www.linkedin.com\/in\/lilliammenendez"]}]}},"_links":{"self":[{"href":"https:\/\/mgmconsultingtenerife.com\/de\/wp-json\/wp\/v2\/pages\/1198","targetHints":{"allow":["GET"]}}],"collection":[{"href":"https:\/\/mgmconsultingtenerife.com\/de\/wp-json\/wp\/v2\/pages"}],"about":[{"href":"https:\/\/mgmconsultingtenerife.com\/de\/wp-json\/wp\/v2\/types\/page"}],"author":[{"embeddable":true,"href":"https:\/\/mgmconsultingtenerife.com\/de\/wp-json\/wp\/v2\/users\/1"}],"replies":[{"embeddable":true,"href":"https:\/\/mgmconsultingtenerife.com\/de\/wp-json\/wp\/v2\/comments?post=1198"}],"version-history":[{"count":2,"href":"https:\/\/mgmconsultingtenerife.com\/de\/wp-json\/wp\/v2\/pages\/1198\/revisions"}],"predecessor-version":[{"id":2189,"href":"https:\/\/mgmconsultingtenerife.com\/de\/wp-json\/wp\/v2\/pages\/1198\/revisions\/2189"}],"wp:attachment":[{"href":"https:\/\/mgmconsultingtenerife.com\/de\/wp-json\/wp\/v2\/media?parent=1198"}],"curies":[{"name":"wp","href":"https:\/\/api.w.org\/{rel}","templated":true}]}}